{"id":1747,"date":"2026-04-08T02:59:37","date_gmt":"2026-04-08T02:59:37","guid":{"rendered":"https:\/\/linguistics.imagodeus.com\/?page_id=1747"},"modified":"2026-04-08T13:39:13","modified_gmt":"2026-04-08T13:39:13","slug":"convocatorias","status":"publish","type":"page","link":"https:\/\/linguistics.imagodeus.com\/?page_id=1747","title":{"rendered":"Convocatorias"},"content":{"rendered":"\t\t<div data-elementor-type=\"wp-page\" data-elementor-id=\"1747\" class=\"elementor elementor-1747\" data-elementor-post-type=\"page\">\n\t\t\t\t<div class=\"elementor-element elementor-element-a2d3461 e-flex e-con-boxed e-con e-parent\" data-id=\"a2d3461\" data-element_type=\"container\" data-e-type=\"container\">\n\t\t\t\t\t<div class=\"e-con-inner\">\n\t\t<div class=\"elementor-element elementor-element-98b6c72 e-con-full e-flex e-con e-child\" data-id=\"98b6c72\" data-element_type=\"container\" data-e-type=\"container\">\n\t\t\t\t<div class=\"elementor-element elementor-element-7a52e0c elementor-widget elementor-widget-gallery\" data-id=\"7a52e0c\" data-element_type=\"widget\" data-e-type=\"widget\" data-settings=\"{&quot;lazyload&quot;:&quot;yes&quot;,&quot;gallery_layout&quot;:&quot;grid&quot;,&quot;columns&quot;:4,&quot;columns_tablet&quot;:2,&quot;columns_mobile&quot;:1,&quot;gap&quot;:{&quot;unit&quot;:&quot;px&quot;,&quot;size&quot;:10,&quot;sizes&quot;:[]},&quot;gap_tablet&quot;:{&quot;unit&quot;:&quot;px&quot;,&quot;size&quot;:10,&quot;sizes&quot;:[]},&quot;gap_mobile&quot;:{&quot;unit&quot;:&quot;px&quot;,&quot;size&quot;:10,&quot;sizes&quot;:[]},&quot;link_to&quot;:&quot;file&quot;,&quot;aspect_ratio&quot;:&quot;3:2&quot;,&quot;overlay_background&quot;:&quot;yes&quot;,&quot;content_hover_animation&quot;:&quot;fade-in&quot;}\" data-widget_type=\"gallery.default\">\n\t\t\t\t\t\t\t<div class=\"elementor-gallery__container\">\n\t\t\t\t\t\t\t<a class=\"e-gallery-item elementor-gallery-item elementor-animated-content\" href=\"https:\/\/linguistics.imagodeus.com\/wp-content\/uploads\/2026\/04\/hasta-el-17-de-abril.jpg\" data-elementor-open-lightbox=\"yes\" data-elementor-lightbox-slideshow=\"7a52e0c\" data-elementor-lightbox-title=\"hasta el 17 de abril\" data-e-action-hash=\"#elementor-action%3Aaction%3Dlightbox%26settings%3DeyJpZCI6MTc1OCwidXJsIjoiaHR0cHM6XC9cL2xpbmd1aXN0aWNzLmltYWdvZGV1cy5jb21cL3dwLWNvbnRlbnRcL3VwbG9hZHNcLzIwMjZcLzA0XC9oYXN0YS1lbC0xNy1kZS1hYnJpbC5qcGciLCJzbGlkZXNob3ciOiI3YTUyZTBjIn0%3D\">\n\t\t\t\t\t<div class=\"e-gallery-image elementor-gallery-item__image\" data-thumbnail=\"https:\/\/linguistics.imagodeus.com\/wp-content\/uploads\/2026\/04\/hasta-el-17-de-abril-576x1024.jpg\" data-width=\"576\" data-height=\"1024\" aria-label=\"\" role=\"img\" ><\/div>\n\t\t\t\t\t\t\t\t\t\t\t<div class=\"elementor-gallery-item__overlay\"><\/div>\n\t\t\t\t\t\t\t\t\t\t\t\t\t\t<\/a>\n\t\t\t\t\t\t\t<a class=\"e-gallery-item elementor-gallery-item elementor-animated-content\" href=\"https:\/\/linguistics.imagodeus.com\/wp-content\/uploads\/2026\/04\/ULIM-convocatoria.jpg\" data-elementor-open-lightbox=\"yes\" data-elementor-lightbox-slideshow=\"7a52e0c\" data-elementor-lightbox-title=\"ULIM convocatoria\" data-e-action-hash=\"#elementor-action%3Aaction%3Dlightbox%26settings%3DeyJpZCI6MTc1OSwidXJsIjoiaHR0cHM6XC9cL2xpbmd1aXN0aWNzLmltYWdvZGV1cy5jb21cL3dwLWNvbnRlbnRcL3VwbG9hZHNcLzIwMjZcLzA0XC9VTElNLWNvbnZvY2F0b3JpYS5qcGciLCJzbGlkZXNob3ciOiI3YTUyZTBjIn0%3D\">\n\t\t\t\t\t<div class=\"e-gallery-image elementor-gallery-item__image\" data-thumbnail=\"https:\/\/linguistics.imagodeus.com\/wp-content\/uploads\/2026\/04\/ULIM-convocatoria-1024x379.jpg\" data-width=\"800\" data-height=\"296\" aria-label=\"\" role=\"img\" ><\/div>\n\t\t\t\t\t\t\t\t\t\t\t<div class=\"elementor-gallery-item__overlay\"><\/div>\n\t\t\t\t\t\t\t\t\t\t\t\t\t\t<\/a>\n\t\t\t\t\t\t\t<a class=\"e-gallery-item elementor-gallery-item elementor-animated-content\" href=\"https:\/\/linguistics.imagodeus.com\/wp-content\/uploads\/2026\/04\/657505054_1559177452224114_746521763894286353_n.jpg\" data-elementor-open-lightbox=\"yes\" data-elementor-lightbox-slideshow=\"7a52e0c\" data-elementor-lightbox-title=\"657505054_1559177452224114_746521763894286353_n\" data-e-action-hash=\"#elementor-action%3Aaction%3Dlightbox%26settings%3DeyJpZCI6MTc2MCwidXJsIjoiaHR0cHM6XC9cL2xpbmd1aXN0aWNzLmltYWdvZGV1cy5jb21cL3dwLWNvbnRlbnRcL3VwbG9hZHNcLzIwMjZcLzA0XC82NTc1MDUwNTRfMTU1OTE3NzQ1MjIyNDExNF83NDY1MjE3NjM4OTQyODYzNTNfbi5qcGciLCJzbGlkZXNob3ciOiI3YTUyZTBjIn0%3D\">\n\t\t\t\t\t<div class=\"e-gallery-image elementor-gallery-item__image\" data-thumbnail=\"https:\/\/linguistics.imagodeus.com\/wp-content\/uploads\/2026\/04\/657505054_1559177452224114_746521763894286353_n-1024x1024.jpg\" data-width=\"800\" data-height=\"800\" aria-label=\"\" role=\"img\" ><\/div>\n\t\t\t\t\t\t\t\t\t\t\t<div class=\"elementor-gallery-item__overlay\"><\/div>\n\t\t\t\t\t\t\t\t\t\t\t\t\t\t<\/a>\n\t\t\t\t\t\t\t<a class=\"e-gallery-item elementor-gallery-item elementor-animated-content\" href=\"https:\/\/linguistics.imagodeus.com\/wp-content\/uploads\/2026\/04\/convoc-Revista-Iberoamericana.jpg\" data-elementor-open-lightbox=\"yes\" data-elementor-lightbox-slideshow=\"7a52e0c\" data-elementor-lightbox-title=\"convoc Revista Iberoamericana\" data-e-action-hash=\"#elementor-action%3Aaction%3Dlightbox%26settings%3DeyJpZCI6MTc2MSwidXJsIjoiaHR0cHM6XC9cL2xpbmd1aXN0aWNzLmltYWdvZGV1cy5jb21cL3dwLWNvbnRlbnRcL3VwbG9hZHNcLzIwMjZcLzA0XC9jb252b2MtUmV2aXN0YS1JYmVyb2FtZXJpY2FuYS5qcGciLCJzbGlkZXNob3ciOiI3YTUyZTBjIn0%3D\">\n\t\t\t\t\t<div class=\"e-gallery-image elementor-gallery-item__image\" data-thumbnail=\"https:\/\/linguistics.imagodeus.com\/wp-content\/uploads\/2026\/04\/convoc-Revista-Iberoamericana-819x1024.jpg\" data-width=\"800\" data-height=\"1000\" aria-label=\"\" role=\"img\" ><\/div>\n\t\t\t\t\t\t\t\t\t\t\t<div class=\"elementor-gallery-item__overlay\"><\/div>\n\t\t\t\t\t\t\t\t\t\t\t\t\t\t<\/a>\n\t\t\t\t\t\t\t<a class=\"e-gallery-item elementor-gallery-item elementor-animated-content\" href=\"https:\/\/linguistics.imagodeus.com\/wp-content\/uploads\/2026\/04\/convocatoria-2026-cdmx.jpg\" data-elementor-open-lightbox=\"yes\" data-elementor-lightbox-slideshow=\"7a52e0c\" data-elementor-lightbox-title=\"convocatoria 2026 - cdmx\" data-e-action-hash=\"#elementor-action%3Aaction%3Dlightbox%26settings%3DeyJpZCI6MTc2MiwidXJsIjoiaHR0cHM6XC9cL2xpbmd1aXN0aWNzLmltYWdvZGV1cy5jb21cL3dwLWNvbnRlbnRcL3VwbG9hZHNcLzIwMjZcLzA0XC9jb252b2NhdG9yaWEtMjAyNi1jZG14LmpwZyIsInNsaWRlc2hvdyI6IjdhNTJlMGMifQ%3D%3D\">\n\t\t\t\t\t<div class=\"e-gallery-image elementor-gallery-item__image\" data-thumbnail=\"https:\/\/linguistics.imagodeus.com\/wp-content\/uploads\/2026\/04\/convocatoria-2026-cdmx-819x1024.jpg\" data-width=\"800\" data-height=\"1000\" aria-label=\"\" role=\"img\" ><\/div>\n\t\t\t\t\t\t\t\t\t\t\t<div class=\"elementor-gallery-item__overlay\"><\/div>\n\t\t\t\t\t\t\t\t\t\t\t\t\t\t<\/a>\n\t\t\t\t\t\t\t<a class=\"e-gallery-item elementor-gallery-item elementor-animated-content\" href=\"https:\/\/linguistics.imagodeus.com\/wp-content\/uploads\/2026\/04\/661941422_1363667222459502_7918676970403395855_n.jpg\" data-elementor-open-lightbox=\"yes\" data-elementor-lightbox-slideshow=\"7a52e0c\" data-elementor-lightbox-title=\"661941422_1363667222459502_7918676970403395855_n\" data-e-action-hash=\"#elementor-action%3Aaction%3Dlightbox%26settings%3DeyJpZCI6MTc2MywidXJsIjoiaHR0cHM6XC9cL2xpbmd1aXN0aWNzLmltYWdvZGV1cy5jb21cL3dwLWNvbnRlbnRcL3VwbG9hZHNcLzIwMjZcLzA0XC82NjE5NDE0MjJfMTM2MzY2NzIyMjQ1OTUwMl83OTE4Njc2OTcwNDAzMzk1ODU1X24uanBnIiwic2xpZGVzaG93IjoiN2E1MmUwYyJ9\">\n\t\t\t\t\t<div class=\"e-gallery-image elementor-gallery-item__image\" data-thumbnail=\"https:\/\/linguistics.imagodeus.com\/wp-content\/uploads\/2026\/04\/661941422_1363667222459502_7918676970403395855_n-819x1024.jpg\" data-width=\"800\" data-height=\"1000\" aria-label=\"\" role=\"img\" ><\/div>\n\t\t\t\t\t\t\t\t\t\t\t<div class=\"elementor-gallery-item__overlay\"><\/div>\n\t\t\t\t\t\t\t\t\t\t\t\t\t\t<\/a>\n\t\t\t\t\t\t\t<a class=\"e-gallery-item elementor-gallery-item elementor-animated-content\" href=\"https:\/\/linguistics.imagodeus.com\/wp-content\/uploads\/2026\/04\/antes-16-abr_001.jpg\" data-elementor-open-lightbox=\"yes\" data-elementor-lightbox-slideshow=\"7a52e0c\" data-elementor-lightbox-title=\"antes 16 abr_001\" data-e-action-hash=\"#elementor-action%3Aaction%3Dlightbox%26settings%3DeyJpZCI6MTc2NCwidXJsIjoiaHR0cHM6XC9cL2xpbmd1aXN0aWNzLmltYWdvZGV1cy5jb21cL3dwLWNvbnRlbnRcL3VwbG9hZHNcLzIwMjZcLzA0XC9hbnRlcy0xNi1hYnJfMDAxLmpwZyIsInNsaWRlc2hvdyI6IjdhNTJlMGMifQ%3D%3D\">\n\t\t\t\t\t<div class=\"e-gallery-image elementor-gallery-item__image\" data-thumbnail=\"https:\/\/linguistics.imagodeus.com\/wp-content\/uploads\/2026\/04\/antes-16-abr_001-786x1024.jpg\" data-width=\"786\" data-height=\"1024\" aria-label=\"\" role=\"img\" ><\/div>\n\t\t\t\t\t\t\t\t\t\t\t<div class=\"elementor-gallery-item__overlay\"><\/div>\n\t\t\t\t\t\t\t\t\t\t\t\t\t\t<\/a>\n\t\t\t\t\t\t\t<a class=\"e-gallery-item elementor-gallery-item elementor-animated-content\" href=\"https:\/\/linguistics.imagodeus.com\/wp-content\/uploads\/2026\/04\/antes-abril-26.jpg\" data-elementor-open-lightbox=\"yes\" data-elementor-lightbox-slideshow=\"7a52e0c\" data-elementor-lightbox-title=\"antes abril 26\" data-e-action-hash=\"#elementor-action%3Aaction%3Dlightbox%26settings%3DeyJpZCI6MTc2NSwidXJsIjoiaHR0cHM6XC9cL2xpbmd1aXN0aWNzLmltYWdvZGV1cy5jb21cL3dwLWNvbnRlbnRcL3VwbG9hZHNcLzIwMjZcLzA0XC9hbnRlcy1hYnJpbC0yNi5qcGciLCJzbGlkZXNob3ciOiI3YTUyZTBjIn0%3D\">\n\t\t\t\t\t<div class=\"e-gallery-image elementor-gallery-item__image\" data-thumbnail=\"https:\/\/linguistics.imagodeus.com\/wp-content\/uploads\/2026\/04\/antes-abril-26-576x1024.jpg\" data-width=\"576\" data-height=\"1024\" aria-label=\"\" role=\"img\" ><\/div>\n\t\t\t\t\t\t\t\t\t\t\t<div class=\"elementor-gallery-item__overlay\"><\/div>\n\t\t\t\t\t\t\t\t\t\t\t\t\t\t<\/a>\n\t\t\t\t\t<\/div>\n\t\t\t\t\t<\/div>\n\t\t\t\t<\/div>\n\t\t<div class=\"elementor-element elementor-element-88ff16f e-con-full e-flex e-con e-child\" data-id=\"88ff16f\" data-element_type=\"container\" data-e-type=\"container\">\n\t\t\t\t<div class=\"elementor-element elementor-element-22de226 elementor-widget elementor-widget-heading\" data-id=\"22de226\" data-element_type=\"widget\" data-e-type=\"widget\" data-widget_type=\"heading.default\">\n\t\t\t\t\t<h2 class=\"elementor-heading-title elementor-size-default\">Eventos<\/h2>\t\t\t\t<\/div>\n\t\t\t\t<div class=\"elementor-element elementor-element-d6d58d3 elementor-widget elementor-widget-text-editor\" data-id=\"d6d58d3\" data-element_type=\"widget\" data-e-type=\"widget\" data-widget_type=\"text-editor.default\">\n\t\t\t\t\t\t\t\t\t<h3>Abril<\/h3><p>7. <a href=\"https:\/\/events.brown.edu\/comparative-literature\/event\/329729-conlangs-in-media-invented-languages-in-print-and\" target=\"_blank\" rel=\"noopener\">Conlangs in Media: Invented Languages in Print and on the Big and Small Screen<\/a><\/p><p>8. XXIII Jornada Internacional de la Delegaci\u00f3n de Venezuela ante la ALFAL\u00a0<\/p>\t\t\t\t\t\t\t\t<\/div>\n\t\t\t\t<div class=\"elementor-element elementor-element-86da69b elementor-widget elementor-widget-gallery\" data-id=\"86da69b\" data-element_type=\"widget\" data-e-type=\"widget\" data-settings=\"{&quot;lazyload&quot;:&quot;yes&quot;,&quot;gallery_layout&quot;:&quot;grid&quot;,&quot;columns&quot;:4,&quot;columns_tablet&quot;:2,&quot;columns_mobile&quot;:1,&quot;gap&quot;:{&quot;unit&quot;:&quot;px&quot;,&quot;size&quot;:10,&quot;sizes&quot;:[]},&quot;gap_tablet&quot;:{&quot;unit&quot;:&quot;px&quot;,&quot;size&quot;:10,&quot;sizes&quot;:[]},&quot;gap_mobile&quot;:{&quot;unit&quot;:&quot;px&quot;,&quot;size&quot;:10,&quot;sizes&quot;:[]},&quot;link_to&quot;:&quot;file&quot;,&quot;aspect_ratio&quot;:&quot;3:2&quot;,&quot;overlay_background&quot;:&quot;yes&quot;,&quot;content_hover_animation&quot;:&quot;fade-in&quot;}\" data-widget_type=\"gallery.default\">\n\t\t\t\t\t\t\t<div class=\"elementor-gallery__container\">\n\t\t\t\t\t\t\t<a class=\"e-gallery-item elementor-gallery-item elementor-animated-content\" href=\"https:\/\/linguistics.imagodeus.com\/wp-content\/uploads\/2026\/04\/ALFALITO-1.jpg\" data-elementor-open-lightbox=\"yes\" data-elementor-lightbox-slideshow=\"86da69b\" data-elementor-lightbox-title=\"ALFALITO-1\" data-e-action-hash=\"#elementor-action%3Aaction%3Dlightbox%26settings%3DeyJpZCI6MTc3MSwidXJsIjoiaHR0cHM6XC9cL2xpbmd1aXN0aWNzLmltYWdvZGV1cy5jb21cL3dwLWNvbnRlbnRcL3VwbG9hZHNcLzIwMjZcLzA0XC9BTEZBTElUTy0xLmpwZyIsInNsaWRlc2hvdyI6Ijg2ZGE2OWIifQ%3D%3D\">\n\t\t\t\t\t<div class=\"e-gallery-image elementor-gallery-item__image\" data-thumbnail=\"https:\/\/linguistics.imagodeus.com\/wp-content\/uploads\/2026\/04\/ALFALITO-1-231x300.jpg\" data-width=\"231\" data-height=\"300\" aria-label=\"\" role=\"img\" ><\/div>\n\t\t\t\t\t\t\t\t\t\t\t<div class=\"elementor-gallery-item__overlay\"><\/div>\n\t\t\t\t\t\t\t\t\t\t\t\t\t\t<\/a>\n\t\t\t\t\t\t\t<a class=\"e-gallery-item elementor-gallery-item elementor-animated-content\" href=\"https:\/\/linguistics.imagodeus.com\/wp-content\/uploads\/2026\/04\/ALFALITO-2.jpg\" data-elementor-open-lightbox=\"yes\" data-elementor-lightbox-slideshow=\"86da69b\" data-elementor-lightbox-title=\"ALFALITO-2\" data-e-action-hash=\"#elementor-action%3Aaction%3Dlightbox%26settings%3DeyJpZCI6MTc3MiwidXJsIjoiaHR0cHM6XC9cL2xpbmd1aXN0aWNzLmltYWdvZGV1cy5jb21cL3dwLWNvbnRlbnRcL3VwbG9hZHNcLzIwMjZcLzA0XC9BTEZBTElUTy0yLmpwZyIsInNsaWRlc2hvdyI6Ijg2ZGE2OWIifQ%3D%3D\">\n\t\t\t\t\t<div class=\"e-gallery-image elementor-gallery-item__image\" data-thumbnail=\"https:\/\/linguistics.imagodeus.com\/wp-content\/uploads\/2026\/04\/ALFALITO-2-231x300.jpg\" data-width=\"231\" data-height=\"300\" aria-label=\"\" role=\"img\" ><\/div>\n\t\t\t\t\t\t\t\t\t\t\t<div class=\"elementor-gallery-item__overlay\"><\/div>\n\t\t\t\t\t\t\t\t\t\t\t\t\t\t<\/a>\n\t\t\t\t\t\t\t<a class=\"e-gallery-item elementor-gallery-item elementor-animated-content\" href=\"https:\/\/linguistics.imagodeus.com\/wp-content\/uploads\/2026\/04\/ALFALITO-3.jpg\" data-elementor-open-lightbox=\"yes\" data-elementor-lightbox-slideshow=\"86da69b\" data-elementor-lightbox-title=\"ALFALITO-3\" data-e-action-hash=\"#elementor-action%3Aaction%3Dlightbox%26settings%3DeyJpZCI6MTc3MywidXJsIjoiaHR0cHM6XC9cL2xpbmd1aXN0aWNzLmltYWdvZGV1cy5jb21cL3dwLWNvbnRlbnRcL3VwbG9hZHNcLzIwMjZcLzA0XC9BTEZBTElUTy0zLmpwZyIsInNsaWRlc2hvdyI6Ijg2ZGE2OWIifQ%3D%3D\">\n\t\t\t\t\t<div class=\"e-gallery-image elementor-gallery-item__image\" data-thumbnail=\"https:\/\/linguistics.imagodeus.com\/wp-content\/uploads\/2026\/04\/ALFALITO-3-231x300.jpg\" data-width=\"231\" data-height=\"300\" aria-label=\"\" role=\"img\" ><\/div>\n\t\t\t\t\t\t\t\t\t\t\t<div class=\"elementor-gallery-item__overlay\"><\/div>\n\t\t\t\t\t\t\t\t\t\t\t\t\t\t<\/a>\n\t\t\t\t\t\t\t<a class=\"e-gallery-item elementor-gallery-item elementor-animated-content\" href=\"https:\/\/linguistics.imagodeus.com\/wp-content\/uploads\/2026\/04\/ALFALITO-4.jpg\" data-elementor-open-lightbox=\"yes\" data-elementor-lightbox-slideshow=\"86da69b\" data-elementor-lightbox-title=\"ALFALITO-4\" data-e-action-hash=\"#elementor-action%3Aaction%3Dlightbox%26settings%3DeyJpZCI6MTc3NCwidXJsIjoiaHR0cHM6XC9cL2xpbmd1aXN0aWNzLmltYWdvZGV1cy5jb21cL3dwLWNvbnRlbnRcL3VwbG9hZHNcLzIwMjZcLzA0XC9BTEZBTElUTy00LmpwZyIsInNsaWRlc2hvdyI6Ijg2ZGE2OWIifQ%3D%3D\">\n\t\t\t\t\t<div class=\"e-gallery-image elementor-gallery-item__image\" data-thumbnail=\"https:\/\/linguistics.imagodeus.com\/wp-content\/uploads\/2026\/04\/ALFALITO-4-231x300.jpg\" data-width=\"231\" data-height=\"300\" aria-label=\"\" role=\"img\" ><\/div>\n\t\t\t\t\t\t\t\t\t\t\t<div class=\"elementor-gallery-item__overlay\"><\/div>\n\t\t\t\t\t\t\t\t\t\t\t\t\t\t<\/a>\n\t\t\t\t\t<\/div>\n\t\t\t\t\t<\/div>\n\t\t\t\t<div class=\"elementor-element elementor-element-f1c8b8a elementor-widget elementor-widget-text-editor\" data-id=\"f1c8b8a\" data-element_type=\"widget\" data-e-type=\"widget\" data-widget_type=\"text-editor.default\">\n\t\t\t\t\t\t\t\t\t<p>15.\u00a0 <a href=\"https:\/\/hai.stanford.edu\/events\/thomas-mullaney-diyi-yang-how-can-ai-support-language-digitalization-and-digital-inclusion\" target=\"_blank\" rel=\"noopener\">How Can AI Support Language Digitization and Digital Inclusion?<\/a><\/p><p>15-17.\u00a0 <a href=\"https:\/\/www.cilengua.es\/wp-content\/uploads\/2026\/03\/PROGRAMA-DEL-CONGRESO-AES-26-1.pdf\" target=\"_blank\" rel=\"noopener\">XXI Congreso Internacional de la Asociaci\u00f3n Espa\u00f1ola de Semi\u00f3tica: \u00abSemi\u00f3tica y (re)presentaci\u00f3n\u00bb<\/a><\/p><p>24. <a href=\"https:\/\/uwm.edu\/world-languages-cultures\/event\/world-languages-and-cultures-speaker-series-2\/\" target=\"_blank\" rel=\"noopener\">World Languages and Cultures Speaker Series<\/a><\/p><p>24-26. <a href=\"https:\/\/www.icccl.net\/\" target=\"_blank\" rel=\"noopener\">ICLCC 2026: 4th International Conference on Language and Cultural Communication<\/a><\/p><p>\u00a0<\/p>\t\t\t\t\t\t\t\t<\/div>\n\t\t\t\t<div class=\"elementor-element elementor-element-c0d8eef elementor-widget elementor-widget-heading\" data-id=\"c0d8eef\" data-element_type=\"widget\" data-e-type=\"widget\" data-widget_type=\"heading.default\">\n\t\t\t\t\t<h2 class=\"elementor-heading-title elementor-size-default\">Cursos<\/h2>\t\t\t\t<\/div>\n\t\t\t\t<div class=\"elementor-element elementor-element-c740b82 elementor-widget elementor-widget-text-editor\" data-id=\"c740b82\" data-element_type=\"widget\" data-e-type=\"widget\" data-widget_type=\"text-editor.default\">\n\t\t\t\t\t\t\t\t\t<p>Abril 21-23. <a href=\"https:\/\/www.cultura.gob.es\/msefardi\/actividades\/agenda\/2026\/abril\/curso-calo.html\" target=\"_blank\" rel=\"noopener\">Curso de Cal\u00f3: \u201cDescubre la lengua del Pueblo Gitano y su historia en el Museo Sefard\u00ed\u201d<\/a><\/p><p>Fecha l\u00edmite 30 de Abril. <a href=\"https:\/\/ulim.edu.mx\/wp-content\/uploads\/2026\/03\/ULIM.pdf\" target=\"_blank\" rel=\"noopener\">Ingreso a la Universidad de las Lenguas Ind\u00edgenas de M\u00e9xico (ULIM)<\/a><\/p><p><a href=\"https:\/\/www.kmk.org\/en\/kultusministerkonferenz\/uebergreifende-themen\/german-language-diploma.html\" target=\"_blank\" rel=\"noopener\">German Language Diploma<\/a><\/p>\t\t\t\t\t\t\t\t<\/div>\n\t\t\t\t<div class=\"elementor-element elementor-element-64c929b elementor-widget elementor-widget-heading\" data-id=\"64c929b\" data-element_type=\"widget\" data-e-type=\"widget\" data-widget_type=\"heading.default\">\n\t\t\t\t\t<h2 class=\"elementor-heading-title elementor-size-default\">Petici\u00f3n de Contribuciones <\/h2>\t\t\t\t<\/div>\n\t\t\t\t<div class=\"elementor-element elementor-element-56c151c elementor-widget elementor-widget-text-editor\" data-id=\"56c151c\" data-element_type=\"widget\" data-e-type=\"widget\" data-widget_type=\"text-editor.default\">\n\t\t\t\t\t\t\t\t\t<p>Fecha l\u00edmite: 11 de Abril. <a href=\"https:\/\/mundoalfal.org\/wimla_2025-convocatoria\/\" target=\"_blank\" rel=\"noopener\">WIMLA_2025 \u2013 CONVOCATORIA<\/a><\/p><p>Fecha l\u00edmite: 17 Septiembre 2026. <a href=\"https:\/\/www.frontiersin.org\/research-topics\/78772\/women-in-speech-and-language-volume-ii-2026\" target=\"_blank\" rel=\"noopener\">Women in speech and language, Volume II, 2026<\/a><\/p><p>Fecha l\u00edmite: Diciembre 2026. <a href=\"https:\/\/onlinelibrary.wiley.com\/page\/journal\/15404781\/call-for-papers\/research-practice-partnerships\" target=\"_blank\" rel=\"noopener\">Research\u2013Practice Partnerships: Shaping Next-Generation Language Learning Research<\/a><\/p>\t\t\t\t\t\t\t\t<\/div>\n\t\t\t\t<div class=\"elementor-element elementor-element-107ae9c elementor-widget elementor-widget-heading\" data-id=\"107ae9c\" data-element_type=\"widget\" data-e-type=\"widget\" data-widget_type=\"heading.default\">\n\t\t\t\t\t<h2 class=\"elementor-heading-title elementor-size-default\">Becas \/ Ayudas<\/h2>\t\t\t\t<\/div>\n\t\t\t\t<div class=\"elementor-element elementor-element-d4e57dc elementor-widget elementor-widget-text-editor\" data-id=\"d4e57dc\" data-element_type=\"widget\" data-e-type=\"widget\" data-widget_type=\"text-editor.default\">\n\t\t\t\t\t\t\t\t\t<p>Fecha l\u00edmite: 23 de Abril. <a href=\"https:\/\/canal.ugr.es\/convocatoria\/estudio-remunerado-de-espanol-como-lengua-extranjera-2\/\" target=\"_blank\" rel=\"noopener\">Estudio remunerado de espa\u00f1ol como lengua extranjera<\/a><\/p>\t\t\t\t\t\t\t\t<\/div>\n\t\t\t\t<div class=\"elementor-element elementor-element-69f1f66 elementor-widget elementor-widget-heading\" data-id=\"69f1f66\" data-element_type=\"widget\" data-e-type=\"widget\" data-widget_type=\"heading.default\">\n\t\t\t\t\t<h2 class=\"elementor-heading-title elementor-size-default\">Empleos<\/h2>\t\t\t\t<\/div>\n\t\t\t\t<div class=\"elementor-element elementor-element-4944ca4 elementor-widget elementor-widget-text-editor\" data-id=\"4944ca4\" data-element_type=\"widget\" data-e-type=\"widget\" data-widget_type=\"text-editor.default\">\n\t\t\t\t\t\t\t\t\t<p>Publicado: 06 de Abril. <a href=\"https:\/\/careers.nais.org\/jobs\/22180866\/\" target=\"_blank\" rel=\"noopener\">Sixth Grade Chinese &amp; Mandarin World Language Pathway Teacher 2026-2027<\/a><\/p><p>Fecha l\u00edmite: 02 de Mayo. <a href=\"https:\/\/sec.wd3.myworkdayjobs.com\/en-US\/Samsung_Careers\/job\/Galaxy-AI-Tester---Hungarian-Language_R116075\" target=\"_blank\" rel=\"noopener\">Galaxy AI Tester &#8211; Hungarian Language<\/a><\/p>\t\t\t\t\t\t\t\t<\/div>\n\t\t\t\t<\/div>\n\t\t\t\t\t<\/div>\n\t\t\t\t<\/div>\n\t\t\t\t<\/div>\n\t\t","protected":false},"excerpt":{"rendered":"<p>Eventos Abril 7. Conlangs in Media: Invented Languages in Print and on the Big and Small Screen 8. XXIII Jornada Internacional de la Delegaci\u00f3n de Venezuela ante la ALFAL\u00a0 15.\u00a0 How Can AI Support Language Digitization and Digital Inclusion? 15-17.\u00a0 XXI Congreso Internacional de la Asociaci\u00f3n Espa\u00f1ola de Semi\u00f3tica: \u00abSemi\u00f3tica y (re)presentaci\u00f3n\u00bb 24. World Languages [&hellip;]<\/p>\n","protected":false},"author":1,"featured_media":0,"parent":0,"menu_order":0,"comment_status":"closed","ping_status":"closed","template":"","meta":{"footnotes":""},"class_list":["post-1747","page","type-page","status-publish","hentry"],"_hostinger_reach_plugin_has_subscription_block":false,"_hostinger_reach_plugin_is_elementor":false,"_links":{"self":[{"href":"https:\/\/linguistics.imagodeus.com\/index.php?rest_route=\/wp\/v2\/pages\/1747","targetHints":{"allow":["GET"]}}],"collection":[{"href":"https:\/\/linguistics.imagodeus.com\/index.php?rest_route=\/wp\/v2\/pages"}],"about":[{"href":"https:\/\/linguistics.imagodeus.com\/index.php?rest_route=\/wp\/v2\/types\/page"}],"author":[{"embeddable":true,"href":"https:\/\/linguistics.imagodeus.com\/index.php?rest_route=\/wp\/v2\/users\/1"}],"replies":[{"embeddable":true,"href":"https:\/\/linguistics.imagodeus.com\/index.php?rest_route=%2Fwp%2Fv2%2Fcomments&post=1747"}],"version-history":[{"count":16,"href":"https:\/\/linguistics.imagodeus.com\/index.php?rest_route=\/wp\/v2\/pages\/1747\/revisions"}],"predecessor-version":[{"id":1786,"href":"https:\/\/linguistics.imagodeus.com\/index.php?rest_route=\/wp\/v2\/pages\/1747\/revisions\/1786"}],"wp:attachment":[{"href":"https:\/\/linguistics.imagodeus.com\/index.php?rest_route=%2Fwp%2Fv2%2Fmedia&parent=1747"}],"curies":[{"name":"wp","href":"https:\/\/api.w.org\/{rel}","templated":true}]}}